{"id":7977,"date":"2023-03-03T15:39:42","date_gmt":"2023-03-03T15:39:42","guid":{"rendered":"https:\/\/schmid.md\/?post_type=product&#038;p=7977"},"modified":"2023-03-03T15:42:19","modified_gmt":"2023-03-03T15:42:19","slug":"creation-11","status":"publish","type":"product","link":"https:\/\/schmid.md\/ru\/product\/creation-11\/","title":{"rendered":"CREATION  11"},"content":{"rendered":"<section class=\"wpb-content-wrapper\"><div class=\"vc_row wpb_row vc_row-fluid vc_row-o-content-top vc_row-flex\"><div class=\"wpb_column vc_column_container vc_col-sm-6\"><div class=\"vc_column-inner\"><div class=\"wpb_wrapper\">\t\t<div id=\"wd-64021534de977\" class=\"wd-text-block wd-wpb reset-last-child wd-rs-64021534de977 wd-width-100 text-left\">\n\t\t\t<table class=\"ce-table\">\n<thead>\n<tr>\n<th>Creation 6<\/th>\n<th>Creation 9<\/th>\n<th>Creation 11<\/th>\n<\/tr>\n<\/thead>\n<tbody>\n<tr>\n<td>Nennw\u00e4rmeleistung inkl. NHK<\/td>\n<td>6 kW<\/td>\n<td>9 kW<\/td>\n<td>11 kW<\/td>\n<\/tr>\n<tr>\n<td>W\u00e4rmeleistungsbereich<\/td>\n<td>3,2-7,1 kW<\/td>\n<td>3,6-9,8 kW<\/td>\n<td>5,5-12,1 kW<\/td>\n<\/tr>\n<tr>\n<td>Wirkungsgrad<\/td>\n<td>&gt; 80 %<\/td>\n<td>&gt; 80 %<\/td>\n<td>&gt; 80 %<\/td>\n<\/tr>\n<tr>\n<td>D\u00e4mmst\u00e4rke (bei nicht zu sch\u00fctzender Wand) (bezogen auf SILCA\u00ae 250KM)<\/td>\n<td>60 mm<\/td>\n<td>60 mm<\/td>\n<td>60 mm<\/td>\n<\/tr>\n<tr>\n<td>Verbrennungsluftstutzen<\/td>\n<td>\u2013<\/td>\n<td>\u2013<\/td>\n<td>\u2013<\/td>\n<\/tr>\n<tr>\n<td>max. Scheitholzl\u00e4nge<\/td>\n<td>25 cm<\/td>\n<td>33 cm<\/td>\n<td>50 cm<\/td>\n<\/tr>\n<tr>\n<td>Gewicht inkl. Schamotte<\/td>\n<td>120 kg<\/td>\n<td>175 kg<\/td>\n<td>225 kg<\/td>\n<\/tr>\n<tr>\n<td>W\u00e4rmeabgabe: \u00fcber die Sichtscheibe<\/td>\n<td>10 %<\/td>\n<td>10 %<\/td>\n<td>10 %<\/td>\n<\/tr>\n<tr>\n<td>W\u00e4rmeabgabe: konvektive Leistung<\/td>\n<td>90 %<\/td>\n<td>90 %<\/td>\n<td>90 %<\/td>\n<\/tr>\n<\/tbody>\n<\/table>\n\t\t<\/div>\n\t\t<\/div><\/div><\/div><div class=\"wpb_column vc_column_container vc_col-sm-6\"><div class=\"vc_column-inner vc_custom_1490694541710\"><div class=\"wpb_wrapper\">\n\t<div  class=\"wpb_single_image wpb_content_element vc_align_left\">\n\t\t\n\t\t<figure class=\"wpb_wrapper vc_figure\">\n\t\t\t<div class=\"vc_single_image-wrapper   vc_box_border_grey\"><img loading=\"lazy\" decoding=\"async\" width=\"150\" height=\"65\" src=\"https:\/\/schmid.md\/wp-content\/uploads\/2023\/03\/b97cc9970ca9ae9741be0ba30fb74103.jpg\" class=\"vc_single_image-img attachment-thumbnail\" alt=\"\" title=\"b97cc9970ca9ae9741be0ba30fb74103\" srcset=\"https:\/\/schmid.md\/wp-content\/uploads\/2023\/03\/b97cc9970ca9ae9741be0ba30fb74103.jpg 150w, https:\/\/schmid.md\/wp-content\/uploads\/2023\/03\/b97cc9970ca9ae9741be0ba30fb74103-18x8.jpg 18w\" sizes=\"auto, (max-width: 150px) 100vw, 150px\" \/><\/div>\n\t\t<\/figure>\n\t<\/div>\n\n\t<div class=\"wpb_video_widget wpb_content_element vc_clearfix vc_video-aspect-ratio-169 vc_video-el-width-100 vc_video-align-left\" >\n\t\t<div class=\"wpb_wrapper\">\n\t\t\t\n\t\t\t<div class=\"wpb_video_wrapper\"><iframe loading=\"lazy\" title=\"\u041a\u0430\u043c\u0438\u043d\u043d\u044b\u0435 \u0442\u043e\u043f\u043a\u0438 Schmid\" width=\"500\" height=\"281\" src=\"https:\/\/www.youtube.com\/embed\/H8G7Lrfdvf8?feature=oembed\" frameborder=\"0\" allow=\"accelerometer; autoplay; clipboard-write; encrypted-media; gyroscope; picture-in-picture; web-share\" referrerpolicy=\"strict-origin-when-cross-origin\" allowfullscreen><\/iframe><\/div>\n\t\t<\/div>\n\t<\/div>\n<\/div><\/div><\/div><\/div>\n<\/section>","protected":false},"excerpt":{"rendered":"<table class=\"ce-table\">\n<thead>\n<tr>\n<th>Creation 6<\/th>\n<th>Creation 9<\/th>\n<th>Creation 11<\/th>\n<\/tr>\n<\/thead>\n<tbody>\n<tr>\n<td>Nennw\u00e4rmeleistung inkl. NHK<\/td>\n<td>6 kW<\/td>\n<td>9 kW<\/td>\n<td>11 kW<\/td>\n<\/tr>\n<tr>\n<td>W\u00e4rmeleistungsbereich<\/td>\n<td>3,2-7,1 kW<\/td>\n<td>3,6-9,8 kW<\/td>\n<td>5,5-12,1 kW<\/td>\n<\/tr>\n<tr>\n<td>Wirkungsgrad<\/td>\n<td>&gt; 80 %<\/td>\n<td>&gt; 80 %<\/td>\n<td>&gt; 80 %<\/td>\n<\/tr>\n<tr>\n<td>D\u00e4mmst\u00e4rke (bei nicht zu sch\u00fctzender Wand) (bezogen auf SILCA\u00ae 250KM)<\/td>\n<td>60 mm<\/td>\n<td>60 mm<\/td>\n<td>60 mm<\/td>\n<\/tr>\n<tr>\n<td>Verbrennungsluftstutzen<\/td>\n<td>\u2013<\/td>\n<td>\u2013<\/td>\n<td>\u2013<\/td>\n<\/tr>\n<tr>\n<td>max. Scheitholzl\u00e4nge<\/td>\n<td>25 cm<\/td>\n<td>33 cm<\/td>\n<td>50 cm<\/td>\n<\/tr>\n<tr>\n<td>Gewicht inkl. Schamotte<\/td>\n<td>120 kg<\/td>\n<td>175 kg<\/td>\n<td>225 kg<\/td>\n<\/tr>\n<tr>\n<td>W\u00e4rmeabgabe: \u00fcber die Sichtscheibe<\/td>\n<td>10 %<\/td>\n<td>10 %<\/td>\n<td>10 %<\/td>\n<\/tr>\n<tr>\n<td>W\u00e4rmeabgabe: konvektive Leistung<\/td>\n<td>90 %<\/td>\n<td>90 %<\/td>\n<td>90 %<\/td>\n<\/tr>\n<\/tbody>\n<\/table>","protected":false},"featured_media":7978,"comment_status":"open","ping_status":"closed","template":"","meta":[],"product_cat":[131,134],"product_tag":[],"class_list":["post-7977","product","type-product","status-publish","has-post-thumbnail","hentry","product_cat-focare-cu-sticla-pe-3-fete","product_cat-sobe-de-faianta"],"yoast_head":"<!-- This site is optimized with the Yoast SEO plugin v20.2 - https:\/\/yoast.com\/wordpress\/plugins\/seo\/ -->\n<title>CREATION 11 - Invicta<\/title>\n<meta name=\"robots\" content=\"index, follow, max-snippet:-1, max-image-preview:large, max-video-preview:-1\" \/>\n<link rel=\"canonical\" href=\"https:\/\/schmid.md\/ru\/product\/creation-11\/\" \/>\n<meta property=\"og:locale\" content=\"ru_RU\" \/>\n<meta property=\"og:type\" content=\"article\" \/>\n<meta property=\"og:title\" content=\"CREATION 11 - Invicta\" \/>\n<meta property=\"og:description\" content=\"Creation 6 Creation 9 Creation 11     Nennw\u00e4rmeleistung inkl. NHK 6 kW 9 kW 11 kW   W\u00e4rmeleistungsbereich 3,2-7,1 kW 3,6-9,8 kW 5,5-12,1 kW   Wirkungsgrad &gt; 80 % &gt; 80 % &gt; 80 %   D\u00e4mmst\u00e4rke (bei nicht zu sch\u00fctzender Wand) (bezogen auf SILCA\u00ae 250KM) 60 mm 60 mm 60 mm   Verbrennungsluftstutzen \u2013 \u2013 \u2013   max. Scheitholzl\u00e4nge 25 cm 33 cm 50 cm   Gewicht inkl. Schamotte 120 kg 175 kg 225 kg   W\u00e4rmeabgabe: \u00fcber die Sichtscheibe 10 % 10 % 10 %   W\u00e4rmeabgabe: konvektive Leistung 90 % 90 % 90 %\" \/>\n<meta property=\"og:url\" content=\"https:\/\/schmid.md\/ru\/product\/creation-11\/\" \/>\n<meta property=\"og:site_name\" content=\"Invicta\" \/>\n<meta property=\"article:modified_time\" content=\"2023-03-03T15:42:19+00:00\" \/>\n<meta property=\"og:image\" content=\"https:\/\/schmid.md\/wp-content\/uploads\/2023\/03\/\u0411\u0435\u0437-\u0438\u043c\u0435\u043d\u0438-1.jpg\" \/>\n\t<meta property=\"og:image:width\" content=\"600\" \/>\n\t<meta property=\"og:image:height\" content=\"600\" \/>\n\t<meta property=\"og:image:type\" content=\"image\/jpeg\" \/>\n<meta name=\"twitter:card\" content=\"summary_large_image\" \/>\n<meta name=\"twitter:label1\" content=\"\u041f\u0440\u0438\u043c\u0435\u0440\u043d\u043e\u0435 \u0432\u0440\u0435\u043c\u044f \u0434\u043b\u044f \u0447\u0442\u0435\u043d\u0438\u044f\" \/>\n\t<meta name=\"twitter:data1\" content=\"1 \u043c\u0438\u043d\u0443\u0442\u0430\" \/>\n<script type=\"application\/ld+json\" class=\"yoast-schema-graph\">{\"@context\":\"https:\/\/schema.org\",\"@graph\":[{\"@type\":\"WebPage\",\"@id\":\"https:\/\/schmid.md\/product\/creation-11\/\",\"url\":\"https:\/\/schmid.md\/product\/creation-11\/\",\"name\":\"CREATION 11 - Invicta\",\"isPartOf\":{\"@id\":\"https:\/\/schmid.md\/#website\"},\"datePublished\":\"2023-03-03T15:39:42+00:00\",\"dateModified\":\"2023-03-03T15:42:19+00:00\",\"breadcrumb\":{\"@id\":\"https:\/\/schmid.md\/product\/creation-11\/#breadcrumb\"},\"inLanguage\":\"ru-RU\",\"potentialAction\":[{\"@type\":\"ReadAction\",\"target\":[\"https:\/\/schmid.md\/product\/creation-11\/\"]}]},{\"@type\":\"BreadcrumbList\",\"@id\":\"https:\/\/schmid.md\/product\/creation-11\/#breadcrumb\",\"itemListElement\":[{\"@type\":\"ListItem\",\"position\":1,\"name\":\"Prima pagin\u0103\",\"item\":\"https:\/\/schmid.md\/ru\/\"},{\"@type\":\"ListItem\",\"position\":2,\"name\":\"Categorii de produse\",\"item\":\"https:\/\/schmid.md\/shop\/\"},{\"@type\":\"ListItem\",\"position\":3,\"name\":\"CREATION 11\"}]},{\"@type\":\"WebSite\",\"@id\":\"https:\/\/schmid.md\/#website\",\"url\":\"https:\/\/schmid.md\/\",\"name\":\"Invicta\",\"description\":\"\",\"potentialAction\":[{\"@type\":\"SearchAction\",\"target\":{\"@type\":\"EntryPoint\",\"urlTemplate\":\"https:\/\/schmid.md\/?s={search_term_string}\"},\"query-input\":\"required name=search_term_string\"}],\"inLanguage\":\"ru-RU\"}]}<\/script>\n<!-- \/ Yoast SEO plugin. -->","yoast_head_json":{"title":"CREATION 11 - Invicta","robots":{"index":"index","follow":"follow","max-snippet":"max-snippet:-1","max-image-preview":"max-image-preview:large","max-video-preview":"max-video-preview:-1"},"canonical":"https:\/\/schmid.md\/ru\/product\/creation-11\/","og_locale":"ru_RU","og_type":"article","og_title":"CREATION 11 - Invicta","og_description":"Creation 6 Creation 9 Creation 11     Nennw\u00e4rmeleistung inkl. NHK 6 kW 9 kW 11 kW   W\u00e4rmeleistungsbereich 3,2-7,1 kW 3,6-9,8 kW 5,5-12,1 kW   Wirkungsgrad &gt; 80 % &gt; 80 % &gt; 80 %   D\u00e4mmst\u00e4rke (bei nicht zu sch\u00fctzender Wand) (bezogen auf SILCA\u00ae 250KM) 60 mm 60 mm 60 mm   Verbrennungsluftstutzen \u2013 \u2013 \u2013   max. Scheitholzl\u00e4nge 25 cm 33 cm 50 cm   Gewicht inkl. Schamotte 120 kg 175 kg 225 kg   W\u00e4rmeabgabe: \u00fcber die Sichtscheibe 10 % 10 % 10 %   W\u00e4rmeabgabe: konvektive Leistung 90 % 90 % 90 %","og_url":"https:\/\/schmid.md\/ru\/product\/creation-11\/","og_site_name":"Invicta","article_modified_time":"2023-03-03T15:42:19+00:00","og_image":[{"width":600,"height":600,"url":"https:\/\/schmid.md\/wp-content\/uploads\/2023\/03\/\u0411\u0435\u0437-\u0438\u043c\u0435\u043d\u0438-1.jpg","type":"image\/jpeg"}],"twitter_card":"summary_large_image","twitter_misc":{"\u041f\u0440\u0438\u043c\u0435\u0440\u043d\u043e\u0435 \u0432\u0440\u0435\u043c\u044f \u0434\u043b\u044f \u0447\u0442\u0435\u043d\u0438\u044f":"1 \u043c\u0438\u043d\u0443\u0442\u0430"},"schema":{"@context":"https:\/\/schema.org","@graph":[{"@type":"WebPage","@id":"https:\/\/schmid.md\/product\/creation-11\/","url":"https:\/\/schmid.md\/product\/creation-11\/","name":"CREATION 11 - Invicta","isPartOf":{"@id":"https:\/\/schmid.md\/#website"},"datePublished":"2023-03-03T15:39:42+00:00","dateModified":"2023-03-03T15:42:19+00:00","breadcrumb":{"@id":"https:\/\/schmid.md\/product\/creation-11\/#breadcrumb"},"inLanguage":"ru-RU","potentialAction":[{"@type":"ReadAction","target":["https:\/\/schmid.md\/product\/creation-11\/"]}]},{"@type":"BreadcrumbList","@id":"https:\/\/schmid.md\/product\/creation-11\/#breadcrumb","itemListElement":[{"@type":"ListItem","position":1,"name":"Prima pagin\u0103","item":"https:\/\/schmid.md\/ru\/"},{"@type":"ListItem","position":2,"name":"Categorii de produse","item":"https:\/\/schmid.md\/shop\/"},{"@type":"ListItem","position":3,"name":"CREATION 11"}]},{"@type":"WebSite","@id":"https:\/\/schmid.md\/#website","url":"https:\/\/schmid.md\/","name":"Invicta","description":"","potentialAction":[{"@type":"SearchAction","target":{"@type":"EntryPoint","urlTemplate":"https:\/\/schmid.md\/?s={search_term_string}"},"query-input":"required name=search_term_string"}],"inLanguage":"ru-RU"}]}},"_links":{"self":[{"href":"https:\/\/schmid.md\/ru\/wp-json\/wp\/v2\/product\/7977","targetHints":{"allow":["GET"]}}],"collection":[{"href":"https:\/\/schmid.md\/ru\/wp-json\/wp\/v2\/product"}],"about":[{"href":"https:\/\/schmid.md\/ru\/wp-json\/wp\/v2\/types\/product"}],"replies":[{"embeddable":true,"href":"https:\/\/schmid.md\/ru\/wp-json\/wp\/v2\/comments?post=7977"}],"wp:featuredmedia":[{"embeddable":true,"href":"https:\/\/schmid.md\/ru\/wp-json\/wp\/v2\/media\/7978"}],"wp:attachment":[{"href":"https:\/\/schmid.md\/ru\/wp-json\/wp\/v2\/media?parent=7977"}],"wp:term":[{"taxonomy":"product_cat","embeddable":true,"href":"https:\/\/schmid.md\/ru\/wp-json\/wp\/v2\/product_cat?post=7977"},{"taxonomy":"product_tag","embeddable":true,"href":"https:\/\/schmid.md\/ru\/wp-json\/wp\/v2\/product_tag?post=7977"}],"curies":[{"name":"wp","href":"https:\/\/api.w.org\/{rel}","templated":true}]}}